{"id":38,"date":"2011-02-07T20:50:14","date_gmt":"2011-02-07T19:50:14","guid":{"rendered":"http:\/\/www.sandland.de\/?page_id=38"},"modified":"2026-04-26T20:31:45","modified_gmt":"2026-04-26T19:31:45","slug":"sandlander-dreieck","status":"publish","type":"page","link":"https:\/\/www.sandland.de\/","title":{"rendered":"Sandl\u00e4nder Dreieck"},"content":{"rendered":"\n<p>Fernsehtipp! <a href=\"https:\/\/www.ardmediathek.de\/video\/handwerkskunst\/wie-man-ein-muehlrad-baut\/swr\/Y3JpZDovL3N3ci5kZS9hZXgvbzIzMDM1Nzg\">Handwerkskunst im Sandland: Wie man ein M\u00fchlrad baut!<\/a><\/p>\n\n\n<h2>Einkaufen im Sandl\u00e4nder Dreieck lohnt sich und macht Spa\u00df!<\/h2>\n<table style=\"height: 554px;\" width=\"640\">\n<tbody>\n<tr>\n<td style=\"text-align: center;\"><a title=\"Landmetzgerei Ziesel\" href=\"https:\/\/www.sandland.de\/landmetzgerei-ziesel\" target=\"_blank\" rel=\"noopener noreferrer\"><img loading=\"lazy\" decoding=\"async\" class=\"alignnone wp-image-137 size-full\" src=\"https:\/\/www.sandland.de\/wp-content\/uploads\/2013\/04\/fuwvb_mittel.jpg\" alt=\"fuwvb_mittel\" width=\"172\" height=\"111\" \/><\/a><br \/>\n<a href=\"https:\/\/www.sandland.de\/landmetzgerei-ziesel\">Landmetzgerei Ziesel, Schillinghof<\/a><br \/>\nDonnerstag, 9 &#8211; 12 und 14 &#8211; 18 Uhr<br \/>\nFreitag 9 -12 Uhr<br \/>\nSamstag 8 &#8211; 12 Uhr<br \/>\n<strong>Telefon 07182-3808<\/strong><\/td>\n<td style=\"text-align: right;\"><a href=\"http:\/\/www.holzofenbaeckerei-weller-munz.de\/\"><img loading=\"lazy\" decoding=\"async\" class=\"alignnone size-full wp-image-240\" src=\"https:\/\/www.sandland.de\/wp-content\/uploads\/2016\/08\/Brot_mittel.png\" alt=\"Brot_mittel\" width=\"176\" height=\"118\" \/><\/a><br \/>\nDienstag 8.30 &#8211; 18 Uhr<br \/>\nDonnerstag 8.30 &#8211; 18 Uhr<br \/>\nFreitag 8.30 &#8211; 18 Uhr<br \/>\n<strong>Telefon 07184-91010<\/strong><\/td>\n<\/tr>\n<tr>\n<td style=\"text-align: left;\"><a href=\"https:\/\/kartoffelhof.sandland.de\"><img loading=\"lazy\" decoding=\"async\" class=\"alignnone wp-image-138 size-full\" src=\"https:\/\/www.sandland.de\/wp-content\/uploads\/2013\/04\/kartoffel_mittel.jpg\" alt=\"kartoffel_mittel\" width=\"189\" height=\"168\" \/><\/a><br \/>\n<a href=\"https:\/\/kartoffelhof.sandland.de\">Kartoffelhof B\u00fchler, Hellershof<\/a><br \/>\nDienstag, Donnerstag und Freitag 8 bis 18 Uhr<br \/>\nSamstag 8 bis 16 Uhr<br \/>\n<strong>Tel. 07182-6381<\/strong><\/td>\n<td style=\"text-align: right;\"><a href=\"https:\/\/www.saegewerk-oesterle.de\/\" target=\"_blank\" rel=\"noopener\"><img loading=\"lazy\" decoding=\"async\" class=\"aligncenter wp-image-139 size-full\" src=\"https:\/\/www.sandland.de\/wp-content\/uploads\/2013\/04\/saeger_mittel.png\" alt=\"saeger_mittel\" width=\"189\" height=\"79\" \/><\/a> <a href=\"http:\/\/www.saegewerk-oesterle.de\">Ihr Holz-Partner<\/a><br \/>\nf\u00fcr Handwerk und Bauherren<br \/>\n<strong>Tel. 07182-6530<\/strong><\/td>\n<\/tr>\n<\/tbody>\n<\/table>\n\n\n<div data-wp-interactive=\"core\/file\" class=\"wp-block-file\"><object data-wp-bind--hidden=\"!state.hasPdfPreview\" hidden class=\"wp-block-file__embed\" data=\"https:\/\/www.sandland.de\/wp-content\/uploads\/2026\/04\/Flyer_Ferienprogramm_NEU.pdf\" type=\"application\/pdf\" style=\"width:100%;height:980px\" aria-label=\"Einbettung von Flyer_Ferienprogramm_NEU.\"><\/object><a id=\"wp-block-file--media-56f98513-445e-4bb9-b8bc-4b2916a3afb3\" href=\"https:\/\/www.sandland.de\/wp-content\/uploads\/2026\/04\/Flyer_Ferienprogramm_NEU.pdf\">Flyer_Ferienprogramm_NEU<\/a><a href=\"https:\/\/www.sandland.de\/wp-content\/uploads\/2026\/04\/Flyer_Ferienprogramm_NEU.pdf\" class=\"wp-block-file__button wp-element-button\" download aria-describedby=\"wp-block-file--media-56f98513-445e-4bb9-b8bc-4b2916a3afb3\">Herunterladen<\/a><\/div>\n\n\n\n<p><\/p>\n","protected":false},"excerpt":{"rendered":"<p>Fernsehtipp! Handwerkskunst im Sandland: Wie man ein M\u00fchlrad baut! Einkaufen im Sandl\u00e4nder Dreieck lohnt sich und macht Spa\u00df! Landmetzgerei Ziesel, Schillinghof Donnerstag, 9 &#8211; 12 und 14 &#8211; 18 Uhr Freitag 9 -12 Uhr Samstag 8 &#8211; 12 Uhr Telefon &hellip; <a href=\"https:\/\/www.sandland.de\/\">Weiterlesen <span class=\"meta-nav\">&rarr;<\/span><\/a><\/p>\n","protected":false},"author":1,"featured_media":109,"parent":0,"menu_order":0,"comment_status":"closed","ping_status":"closed","template":"","meta":{"footnotes":""},"class_list":["post-38","page","type-page","status-publish","has-post-thumbnail","hentry"],"_links":{"self":[{"href":"https:\/\/www.sandland.de\/index.php?rest_route=\/wp\/v2\/pages\/38","targetHints":{"allow":["GET"]}}],"collection":[{"href":"https:\/\/www.sandland.de\/index.php?rest_route=\/wp\/v2\/pages"}],"about":[{"href":"https:\/\/www.sandland.de\/index.php?rest_route=\/wp\/v2\/types\/page"}],"author":[{"embeddable":true,"href":"https:\/\/www.sandland.de\/index.php?rest_route=\/wp\/v2\/users\/1"}],"replies":[{"embeddable":true,"href":"https:\/\/www.sandland.de\/index.php?rest_route=%2Fwp%2Fv2%2Fcomments&post=38"}],"version-history":[{"count":70,"href":"https:\/\/www.sandland.de\/index.php?rest_route=\/wp\/v2\/pages\/38\/revisions"}],"predecessor-version":[{"id":526,"href":"https:\/\/www.sandland.de\/index.php?rest_route=\/wp\/v2\/pages\/38\/revisions\/526"}],"wp:featuredmedia":[{"embeddable":true,"href":"https:\/\/www.sandland.de\/index.php?rest_route=\/wp\/v2\/media\/109"}],"wp:attachment":[{"href":"https:\/\/www.sandland.de\/index.php?rest_route=%2Fwp%2Fv2%2Fmedia&parent=38"}],"curies":[{"name":"wp","href":"https:\/\/api.w.org\/{rel}","templated":true}]}}