{"id":24,"date":"2011-02-07T20:04:04","date_gmt":"2011-02-07T19:04:04","guid":{"rendered":"http:\/\/www.sandland.de\/?page_id=24"},"modified":"2023-11-25T13:32:21","modified_gmt":"2023-11-25T12:32:21","slug":"schule-hellershof","status":"publish","type":"page","link":"https:\/\/www.sandland.de\/?page_id=24","title":{"rendered":"Schule Hellershof"},"content":{"rendered":"<p>Grundschule Hellershof<br \/>\nCronh\u00fctteweg 15<br \/>\n73553 Alfdorf-Hellershof<\/p>\n<p>Tel: 07182-6107<\/p>\n<p><a href=\"https:\/\/www.sandland.de\/wp-content\/uploads\/2017\/01\/schule.jpg\"><img loading=\"lazy\" decoding=\"async\" class=\"alignnone size-medium wp-image-255\" src=\"https:\/\/www.sandland.de\/wp-content\/uploads\/2017\/01\/schule-300x225.jpg\" alt=\"\" width=\"300\" height=\"225\" srcset=\"https:\/\/www.sandland.de\/wp-content\/uploads\/2017\/01\/schule-300x225.jpg 300w, https:\/\/www.sandland.de\/wp-content\/uploads\/2017\/01\/schule.jpg 425w\" sizes=\"auto, (max-width: 300px) 100vw, 300px\" \/><\/a><\/p>\n<p>Wir sind eine kleine Grundschule am Ortsrand von Hellershof.<br \/>\nDie Schulkinder kommen aus H\u00f6fen und Weilern der drei b\u00fcrgerlichen Gemeinden<br \/>\nAlfdorf, Kaisersbach und Gschwend und somit aus zwei unterschiedlichen<br \/>\nLandkreisen.<br \/>\nSchultr\u00e4ger der Grundschule Hellershof ist der Grundschulverband Hellershof, dem<br \/>\nneben den drei B\u00fcrgermeistern auch drei Schulgemeinder\u00e4te angeh\u00f6ren.<br \/>\nDie Kinder aus Klasse 1 bis 4 werden in jahrgangsgemischten Gruppen unterrichtet.<br \/>\nUm den individuellen Bed\u00fcrfnissen gerecht zu werden, praktizieren wir einen<br \/>\nUnterricht, der offene Phasen beinhaltet und sich an den Prinzipien der Montessori-<br \/>\nP\u00e4dagogik orientiert.<\/p>\n<p><a href=\"https:\/\/www.sandland.de\/?page_id=206\">Hier<\/a> findet sich ein Artikel zur<a href=\"https:\/\/www.sandland.de\/?page_id=206\"> Schulhausgeschichte<\/a>.<br \/>\nEin Bericht \u00fcber das <a href=\"https:\/\/www.sandland.de\/?page_id=210\">Schuljubil\u00e4um findet sich hier<\/a>.<\/p>\n","protected":false},"excerpt":{"rendered":"<p>Grundschule Hellershof Cronh\u00fctteweg 15 73553 Alfdorf-Hellershof Tel: 07182-6107 Wir sind eine kleine Grundschule am Ortsrand von Hellershof. Die Schulkinder kommen aus H\u00f6fen und Weilern der drei b\u00fcrgerlichen Gemeinden Alfdorf, Kaisersbach und Gschwend und somit aus zwei unterschiedlichen Landkreisen. Schultr\u00e4ger der &hellip; <a href=\"https:\/\/www.sandland.de\/?page_id=24\">Weiterlesen <span class=\"meta-nav\">&rarr;<\/span><\/a><\/p>\n","protected":false},"author":1,"featured_media":0,"parent":0,"menu_order":0,"comment_status":"closed","ping_status":"closed","template":"","meta":{"footnotes":""},"class_list":["post-24","page","type-page","status-publish","hentry"],"_links":{"self":[{"href":"https:\/\/www.sandland.de\/index.php?rest_route=\/wp\/v2\/pages\/24","targetHints":{"allow":["GET"]}}],"collection":[{"href":"https:\/\/www.sandland.de\/index.php?rest_route=\/wp\/v2\/pages"}],"about":[{"href":"https:\/\/www.sandland.de\/index.php?rest_route=\/wp\/v2\/types\/page"}],"author":[{"embeddable":true,"href":"https:\/\/www.sandland.de\/index.php?rest_route=\/wp\/v2\/users\/1"}],"replies":[{"embeddable":true,"href":"https:\/\/www.sandland.de\/index.php?rest_route=%2Fwp%2Fv2%2Fcomments&post=24"}],"version-history":[{"count":13,"href":"https:\/\/www.sandland.de\/index.php?rest_route=\/wp\/v2\/pages\/24\/revisions"}],"predecessor-version":[{"id":450,"href":"https:\/\/www.sandland.de\/index.php?rest_route=\/wp\/v2\/pages\/24\/revisions\/450"}],"wp:attachment":[{"href":"https:\/\/www.sandland.de\/index.php?rest_route=%2Fwp%2Fv2%2Fmedia&parent=24"}],"curies":[{"name":"wp","href":"https:\/\/api.w.org\/{rel}","templated":true}]}}